{"id":177,"date":"2019-02-20T17:30:15","date_gmt":"2019-02-20T16:30:15","guid":{"rendered":"http:\/\/sees.at\/rw\/?page_id=177"},"modified":"2019-08-01T21:22:41","modified_gmt":"2019-08-01T19:22:41","slug":"177-2","status":"publish","type":"page","link":"https:\/\/rw-eventtechnik.at\/?page_id=177","title":{"rendered":"VERLEIH."},"content":{"rendered":"\n<p style=\"text-align:center\"><\/p>\n\n\n\n<p style=\"text-align:center\">Sie sind auf der Suche nach dem passenden Ton- oder Lichtequipment f\u00fcr Ihre Veranstaltung. Gerne k\u00f6nnen Sie von der kleinen Tonanlage bis zur gro\u00dfen PA-Anlage, s\u00e4mtliche Mischpulte zur Bedienung, Scheinwerfer, Rigging, Fogger etc&#8230; bei uns auch ausleihen bzw. mieten. <br><br><\/p>\n\n\n\n<p><\/p>\n","protected":false},"excerpt":{"rendered":"<p>Sie sind auf der Suche nach dem passenden Ton- oder Lichtequipment f\u00fcr Ihre Veranstaltung. Gerne k\u00f6nnen Sie von der kleinen Tonanlage bis zur gro\u00dfen PA-Anlage, s\u00e4mtliche Mischpulte zur Bedienung, Scheinwerfer, Rigging, Fogger etc&#8230; bei uns auch ausleihen bzw. mieten.<\/p>\n","protected":false},"author":1,"featured_media":0,"parent":0,"menu_order":0,"comment_status":"closed","ping_status":"closed","template":"page-templates\/template-fullwidth.php","meta":[],"_links":{"self":[{"href":"https:\/\/rw-eventtechnik.at\/index.php?rest_route=\/wp\/v2\/pages\/177"}],"collection":[{"href":"https:\/\/rw-eventtechnik.at\/index.php?rest_route=\/wp\/v2\/pages"}],"about":[{"href":"https:\/\/rw-eventtechnik.at\/index.php?rest_route=\/wp\/v2\/types\/page"}],"author":[{"embeddable":true,"href":"https:\/\/rw-eventtechnik.at\/index.php?rest_route=\/wp\/v2\/users\/1"}],"replies":[{"embeddable":true,"href":"https:\/\/rw-eventtechnik.at\/index.php?rest_route=%2Fwp%2Fv2%2Fcomments&post=177"}],"version-history":[{"count":4,"href":"https:\/\/rw-eventtechnik.at\/index.php?rest_route=\/wp\/v2\/pages\/177\/revisions"}],"predecessor-version":[{"id":332,"href":"https:\/\/rw-eventtechnik.at\/index.php?rest_route=\/wp\/v2\/pages\/177\/revisions\/332"}],"wp:attachment":[{"href":"https:\/\/rw-eventtechnik.at\/index.php?rest_route=%2Fwp%2Fv2%2Fmedia&parent=177"}],"curies":[{"name":"wp","href":"https:\/\/api.w.org\/{rel}","templated":true}]}}