{"id":181,"date":"2019-02-20T17:32:12","date_gmt":"2019-02-20T16:32:12","guid":{"rendered":"http:\/\/sees.at\/rw\/?page_id=181"},"modified":"2020-02-06T17:37:40","modified_gmt":"2020-02-06T16:37:40","slug":"181-2","status":"publish","type":"page","link":"https:\/\/rw-eventtechnik.at\/?page_id=181","title":{"rendered":"FIXINSTALLATIONEN."},"content":{"rendered":"\n<p style=\"text-align:center\"><\/p>\n\n\n\n<p style=\"text-align:center\">Sie m\u00f6chten ein Lokal, eine Disco, oder z.B. einen Gemeindesaal mit einer Tonanlage ausstatten, die genau an die Umgebung und Ihre Vorhaben ausgerichtet ist? Dann helfen wir Ihnen, gemeinsam mit unseren Partnern, das passende Equipment f\u00fcr Ihre R\u00e4umlichkeiten zu finden. Zu unseren Fixinstallationen z\u00e4hlen nat\u00fcrlich auch Beleuchtungselemente.  Gemeinsam mit unseren Partnern sorgen wir in Ihren R\u00e4umlichkeiten f\u00fcr Ambiente-Beleuchtung, Eventbeleuchtung bzw. bewegtes Licht. <br><br><\/p>\n\n\n\n<p><\/p>\n","protected":false},"excerpt":{"rendered":"<p>Sie m\u00f6chten ein Lokal, eine Disco, oder z.B. einen Gemeindesaal mit einer Tonanlage ausstatten, die genau an die Umgebung und Ihre Vorhaben ausgerichtet ist? Dann helfen wir Ihnen, gemeinsam mit unseren Partnern, das passende Equipment f\u00fcr Ihre R\u00e4umlichkeiten zu finden. Zu unseren Fixinstallationen z\u00e4hlen nat\u00fcrlich auch Beleuchtungselemente. Gemeinsam mit unseren [&hellip;]<\/p>\n","protected":false},"author":1,"featured_media":0,"parent":0,"menu_order":0,"comment_status":"closed","ping_status":"closed","template":"page-templates\/template-fullwidth.php","meta":[],"_links":{"self":[{"href":"https:\/\/rw-eventtechnik.at\/index.php?rest_route=\/wp\/v2\/pages\/181"}],"collection":[{"href":"https:\/\/rw-eventtechnik.at\/index.php?rest_route=\/wp\/v2\/pages"}],"about":[{"href":"https:\/\/rw-eventtechnik.at\/index.php?rest_route=\/wp\/v2\/types\/page"}],"author":[{"embeddable":true,"href":"https:\/\/rw-eventtechnik.at\/index.php?rest_route=\/wp\/v2\/users\/1"}],"replies":[{"embeddable":true,"href":"https:\/\/rw-eventtechnik.at\/index.php?rest_route=%2Fwp%2Fv2%2Fcomments&post=181"}],"version-history":[{"count":5,"href":"https:\/\/rw-eventtechnik.at\/index.php?rest_route=\/wp\/v2\/pages\/181\/revisions"}],"predecessor-version":[{"id":331,"href":"https:\/\/rw-eventtechnik.at\/index.php?rest_route=\/wp\/v2\/pages\/181\/revisions\/331"}],"wp:attachment":[{"href":"https:\/\/rw-eventtechnik.at\/index.php?rest_route=%2Fwp%2Fv2%2Fmedia&parent=181"}],"curies":[{"name":"wp","href":"https:\/\/api.w.org\/{rel}","templated":true}]}}